{"id":341,"date":"2023-05-19T14:27:28","date_gmt":"2023-05-19T14:27:28","guid":{"rendered":"https:\/\/organicthemes.com\/demo\/chrono\/?post_type=product&#038;p=341"},"modified":"2026-03-03T16:03:22","modified_gmt":"2026-03-03T15:03:22","slug":"bikini-covers","status":"publish","type":"product","link":"https:\/\/shop.rayxagon.fr\/en\/produit\/bikini-covers","title":{"rendered":"Protections lentilles"},"content":{"rendered":"<p>Ces capuchons de protection, souvent appel\u00e9s &#8220;Bikini Covers&#8221;, permettent de prot\u00e9ger les optiques de vos dispositifs de vision nocturne.<\/p>\n<p>Pratiques, ils s&#8217;installent facilement et peuvent \u00eatre retir\u00e9s partiellement pour lib\u00e9rer l&#8217;optique de votre DVN, sans risque de perdre les capuchons.<\/p>\n","protected":false},"excerpt":{"rendered":"<p>Capuchons de protection souples<\/p>\n","protected":false},"featured_media":1423,"comment_status":"open","ping_status":"closed","template":"","meta":{"_eb_attr":""},"product_brand":[],"product_cat":[36],"product_tag":[],"class_list":{"0":"post-341","1":"product","2":"type-product","3":"status-publish","4":"has-post-thumbnail","6":"product_cat-accessoires","8":"first","9":"outofstock","10":"taxable","11":"shipping-taxable","12":"purchasable","13":"product-type-simple"},"jetpack_sharing_enabled":true,"_links":{"self":[{"href":"https:\/\/shop.rayxagon.fr\/en\/wp-json\/wp\/v2\/product\/341","targetHints":{"allow":["GET"]}}],"collection":[{"href":"https:\/\/shop.rayxagon.fr\/en\/wp-json\/wp\/v2\/product"}],"about":[{"href":"https:\/\/shop.rayxagon.fr\/en\/wp-json\/wp\/v2\/types\/product"}],"replies":[{"embeddable":true,"href":"https:\/\/shop.rayxagon.fr\/en\/wp-json\/wp\/v2\/comments?post=341"}],"wp:featuredmedia":[{"embeddable":true,"href":"https:\/\/shop.rayxagon.fr\/en\/wp-json\/wp\/v2\/media\/1423"}],"wp:attachment":[{"href":"https:\/\/shop.rayxagon.fr\/en\/wp-json\/wp\/v2\/media?parent=341"}],"wp:term":[{"taxonomy":"product_brand","embeddable":true,"href":"https:\/\/shop.rayxagon.fr\/en\/wp-json\/wp\/v2\/product_brand?post=341"},{"taxonomy":"product_cat","embeddable":true,"href":"https:\/\/shop.rayxagon.fr\/en\/wp-json\/wp\/v2\/product_cat?post=341"},{"taxonomy":"product_tag","embeddable":true,"href":"https:\/\/shop.rayxagon.fr\/en\/wp-json\/wp\/v2\/product_tag?post=341"}],"curies":[{"name":"wp","href":"https:\/\/api.w.org\/{rel}","templated":true}]}}