{"id":3075,"date":"2026-04-01T09:20:29","date_gmt":"2026-04-01T07:20:29","guid":{"rendered":"https:\/\/shop.rayxagon.fr\/?post_type=product&#038;p=3075"},"modified":"2026-04-01T09:41:30","modified_gmt":"2026-04-01T07:41:30","slug":"april-special-unvb-starter","status":"publish","type":"product","link":"https:\/\/shop.rayxagon.fr\/en\/produit\/april-special-unvb-starter","title":{"rendered":"APRIL SPECIAL &#8211; UNVB Starter"},"content":{"rendered":"<p>Binoculaire ultral\u00e9ger, articul\u00e9, con\u00e7u, fabriqu\u00e9 et assembl\u00e9 en France.<br \/>\nFonctions : auto shut-off, illuminateur infrarouge int\u00e9gr\u00e9, connecteur int\u00e9gr\u00e9 pour alimentation externe, \u00e9cart inter-pupillaire r\u00e9glable .<\/p>\n<p>Sp\u00e9cifications :<\/p>\n<ul>\n<li><span class=\"x4k7w5x x1h91t0o x1h9r5lt x1jfb8zj xv2umb2 x1beo9mf xaigb6o x12ejxvf x3igimt xarpa2k xedcshv x1lytzrv x1t2pt76 x7ja8zs x1qrby5j\"><span class=\"x193iq5w xeuugli x13faqbe x1vvkbs x1xmvt09 x1lliihq x1s928wv xhkezso x1gmr53x x1cpjm7i x1fgarty x1943h6x xudqn12 x3x7a5m x6prxxf xvq8zen xo1l8bm xzsf02u\" dir=\"auto\">Tubes G\u00e9n\u00e9ration 2+, FOM compris entre 1400 et 1600.<\/span><\/span><\/li>\n<li><span class=\"x4k7w5x x1h91t0o x1h9r5lt x1jfb8zj xv2umb2 x1beo9mf xaigb6o x12ejxvf x3igimt xarpa2k xedcshv x1lytzrv x1t2pt76 x7ja8zs x1qrby5j\"><span class=\"x193iq5w xeuugli x13faqbe x1vvkbs x1xmvt09 x1lliihq x1s928wv xhkezso x1gmr53x x1cpjm7i x1fgarty x1943h6x xudqn12 x3x7a5m x6prxxf xvq8zen xo1l8bm xzsf02u\" dir=\"auto\">Optiques Milspec<\/span><\/span><\/li>\n<li><span class=\"x4k7w5x x1h91t0o x1h9r5lt x1jfb8zj xv2umb2 x1beo9mf xaigb6o x12ejxvf x3igimt xarpa2k xedcshv x1lytzrv x1t2pt76 x7ja8zs x1qrby5j\"><span class=\"x193iq5w xeuugli x13faqbe x1vvkbs x1xmvt09 x1lliihq x1s928wv xhkezso x1gmr53x x1cpjm7i x1fgarty x1943h6x xudqn12 x3x7a5m x6prxxf xvq8zen xo1l8bm xzsf02u\" dir=\"auto\">Alimentation par une pile AA<\/span><\/span><\/li>\n<li><span class=\"x4k7w5x x1h91t0o x1h9r5lt x1jfb8zj xv2umb2 x1beo9mf xaigb6o x12ejxvf x3igimt xarpa2k xedcshv x1lytzrv x1t2pt76 x7ja8zs x1qrby5j\"><span class=\"x193iq5w xeuugli x13faqbe x1vvkbs x1xmvt09 x1lliihq x1s928wv xhkezso x1gmr53x x1cpjm7i x1fgarty x1943h6x xudqn12 x3x7a5m x6prxxf xvq8zen xo1l8bm xzsf02u\" dir=\"auto\">Champ de vision : 40\u00b0<\/span><\/span><\/li>\n<li>580 grammes en ordre de fonctionnement (avec pile AA install\u00e9e)<\/li>\n<li>Interface de montage type &#8220;Wilcox&#8221; comprise<\/li>\n<li>Peinture Cerakote Prison Pink.<\/li>\n<\/ul>\n<p>Fabrication \u00e0 la commande, d\u00e9lai d&#8217;exp\u00e9dition : 3 \u00e0 6 semaines.<\/p>\n","protected":false},"excerpt":{"rendered":"<p>Binoculaire de Vision Nocturne UNVB Starter.<\/p>\n<p>FOM 1400 \u00e0 1600.<\/p>\n","protected":false},"featured_media":3082,"comment_status":"open","ping_status":"closed","template":"","meta":{"_eb_attr":""},"product_brand":[],"product_cat":[24],"product_tag":[],"class_list":{"0":"post-3075","1":"product","2":"type-product","3":"status-publish","4":"has-post-thumbnail","6":"product_cat-binoculaire","7":"product_shipping_class-nvg","9":"first","10":"instock","11":"sale","12":"taxable","13":"shipping-taxable","14":"purchasable","15":"product-type-variable","16":"has-default-attributes"},"jetpack_sharing_enabled":true,"_links":{"self":[{"href":"https:\/\/shop.rayxagon.fr\/en\/wp-json\/wp\/v2\/product\/3075","targetHints":{"allow":["GET"]}}],"collection":[{"href":"https:\/\/shop.rayxagon.fr\/en\/wp-json\/wp\/v2\/product"}],"about":[{"href":"https:\/\/shop.rayxagon.fr\/en\/wp-json\/wp\/v2\/types\/product"}],"replies":[{"embeddable":true,"href":"https:\/\/shop.rayxagon.fr\/en\/wp-json\/wp\/v2\/comments?post=3075"}],"wp:featuredmedia":[{"embeddable":true,"href":"https:\/\/shop.rayxagon.fr\/en\/wp-json\/wp\/v2\/media\/3082"}],"wp:attachment":[{"href":"https:\/\/shop.rayxagon.fr\/en\/wp-json\/wp\/v2\/media?parent=3075"}],"wp:term":[{"taxonomy":"product_brand","embeddable":true,"href":"https:\/\/shop.rayxagon.fr\/en\/wp-json\/wp\/v2\/product_brand?post=3075"},{"taxonomy":"product_cat","embeddable":true,"href":"https:\/\/shop.rayxagon.fr\/en\/wp-json\/wp\/v2\/product_cat?post=3075"},{"taxonomy":"product_tag","embeddable":true,"href":"https:\/\/shop.rayxagon.fr\/en\/wp-json\/wp\/v2\/product_tag?post=3075"}],"curies":[{"name":"wp","href":"https:\/\/api.w.org\/{rel}","templated":true}]}}