{"id":2871,"date":"2026-02-14T17:48:34","date_gmt":"2026-02-14T16:48:34","guid":{"rendered":"https:\/\/shop.rayxagon.fr\/?post_type=product&#038;p=2871"},"modified":"2026-03-03T18:23:35","modified_gmt":"2026-03-03T17:23:35","slug":"holosun-drs-th","status":"publish","type":"product","link":"https:\/\/shop.rayxagon.fr\/en\/produit\/holosun-drs-th","title":{"rendered":"Holosun DRS-TH"},"content":{"rendered":"<p>Le Holosun DRS-TH (Digital Reflex Sight &#8211; Thermal) repousse les limites de la technologie des optiques \u00e0 point rouge. Dot\u00e9 d&#8217;un capteur thermique 256&#215;192, il combine l&#8217;optique traditionnelle \u00e0 point rouge avec une superposition thermique pour une performance optimale. Avec une autonomie de 10 heures pour le mode thermique et plus de 50 000 heures pour le point rouge, il est pr\u00eat \u00e0 r\u00e9pondre aux missions les plus exigeantes.<\/p>\n<p>Les modes White Hot, Black Hot, Outline et Highlight offrent une flexibilit\u00e9 visuelle adapt\u00e9e \u00e0 chaque situation, tandis que l&#8217;enregistrement vid\u00e9o int\u00e9gr\u00e9 permet de capturer l&#8217;action thermique d&#8217;une simple pression sur un bouton. Le capteur thermique permet de percevoir l&#8217;action m\u00eame en cas de fum\u00e9e, pluie, brouillard, dans le l&#8217;obscurit\u00e9 partielle ou totale.<\/p>\n<p>Si le mode thermique n&#8217;est pas n\u00e9cessaire, il suffit de rabattre le capuchon de l&#8217;objectif et d&#8217;utiliser le DRS-TH comme une optique \u00e0 point rouge classique, offrant ainsi une polyvalence maximale.<\/p>\n<p>Contenu de l&#8217;article :<\/p>\n<ul>\n<li>Hard case<\/li>\n<li>Notice<\/li>\n<li>2 batteries 18350<\/li>\n<li>c\u00e2ble de chargement magn\u00e9tique\/USB<\/li>\n<li>2 cl\u00e9s<\/li>\n<\/ul>\n","protected":false},"excerpt":{"rendered":"<p>Holosun DRS-TH (Digital Reflex Sight &#8211; Thermal)<\/p>\n","protected":false},"featured_media":2873,"comment_status":"open","ping_status":"closed","template":"","meta":{"_eb_attr":""},"product_brand":[],"product_cat":[36],"product_tag":[],"class_list":{"0":"post-2871","1":"product","2":"type-product","3":"status-publish","4":"has-post-thumbnail","6":"product_cat-accessoires","8":"first","9":"onbackorder","10":"taxable","11":"shipping-taxable","12":"purchasable","13":"product-type-simple"},"jetpack_sharing_enabled":true,"_links":{"self":[{"href":"https:\/\/shop.rayxagon.fr\/en\/wp-json\/wp\/v2\/product\/2871","targetHints":{"allow":["GET"]}}],"collection":[{"href":"https:\/\/shop.rayxagon.fr\/en\/wp-json\/wp\/v2\/product"}],"about":[{"href":"https:\/\/shop.rayxagon.fr\/en\/wp-json\/wp\/v2\/types\/product"}],"replies":[{"embeddable":true,"href":"https:\/\/shop.rayxagon.fr\/en\/wp-json\/wp\/v2\/comments?post=2871"}],"wp:featuredmedia":[{"embeddable":true,"href":"https:\/\/shop.rayxagon.fr\/en\/wp-json\/wp\/v2\/media\/2873"}],"wp:attachment":[{"href":"https:\/\/shop.rayxagon.fr\/en\/wp-json\/wp\/v2\/media?parent=2871"}],"wp:term":[{"taxonomy":"product_brand","embeddable":true,"href":"https:\/\/shop.rayxagon.fr\/en\/wp-json\/wp\/v2\/product_brand?post=2871"},{"taxonomy":"product_cat","embeddable":true,"href":"https:\/\/shop.rayxagon.fr\/en\/wp-json\/wp\/v2\/product_cat?post=2871"},{"taxonomy":"product_tag","embeddable":true,"href":"https:\/\/shop.rayxagon.fr\/en\/wp-json\/wp\/v2\/product_tag?post=2871"}],"curies":[{"name":"wp","href":"https:\/\/api.w.org\/{rel}","templated":true}]}}