{"id":2859,"date":"2024-12-24T15:57:54","date_gmt":"2024-12-24T14:57:54","guid":{"rendered":"https:\/\/shop.rayxagon.fr\/en?post_type=product&#038;p=2859"},"modified":"2026-03-03T18:20:46","modified_gmt":"2026-03-03T17:20:46","slug":"module-laser-iris-gr4-vert-ir","status":"publish","type":"product","link":"https:\/\/shop.rayxagon.fr\/en\/produit\/module-laser-iris-gr4-vert-ir","title":{"rendered":"Module Laser IRIS-GR4 &#8211; Vert\/IR\/Lampe"},"content":{"rendered":"<p>IRIS-4 est un dispositif multi-laser \u00e0 quadruble fonction dot\u00e9 d&#8217;un bo\u00eetier en aluminium 7075. L&#8217;IRIS-4 int\u00e8gre d\u00e9sormais un puissant illuminateur VCSEL infrarouge (IR) de 60 mW, d&#8217;un pointeur laser visible (VIS), d&#8217;un pointeur laser infrarouge (IR) ainsi que d&#8217;une lampe LED blanche.<\/p>\n<p>De plus, l&#8217;IRIS-4 est \u00e9quip\u00e9 d&#8217;un bouton d&#8217;activation positionn\u00e9 au centre, permettant une activation ambidextre des fonctions momentan\u00e9es ou constantes. L&#8217;appareil int\u00e8gre \u00e9galement des interrupteurs de s\u00e9lection de mode et d&#8217;alimentation orient\u00e9s vers l&#8217;arri\u00e8re, mis \u00e0 jour pour une ergonomie et une prise en main am\u00e9lior\u00e9es.<\/p>\n<p>Le commutateur \u00e0 distance \u00e0 trois boutons inclus se connecte via une prise crane et offre une fonction de d\u00e9rogation laser visible pour une activation rapide.<\/p>\n<p>l&#8217;IRIS-RD4 prend en charge \u00e0 la fois une batterie 18650 et deux batteries CR123A (fournies), garantissant une alimentation fiable dans n&#8217;importe quel environnement op\u00e9rationnel.<\/p>\n<p>L&#8217;IRIS-4 est disponible avec un pointeur laser VIS de couleur verte.<\/p>\n<p>Contenu de l&#8217;article :<\/p>\n<ul>\n<li>Interrupteur \u00e0 distance triple (prise type Crane)<\/li>\n<li>CR123A Lithium Batterie, 3V 1400mAh<\/li>\n<li>Outil de r\u00e9glage<\/li>\n<li>Chiffon de nettoyage pour lentille<\/li>\n<li>Capuchon en caoutchouc \/ cache pour l&#8217;ouverture du laser<\/li>\n<li>Coffret de protection<\/li>\n<li>Manuel d&#8217;instructions<\/li>\n<li>Brochure de garantie incluse<\/li>\n<\/ul>\n","protected":false},"excerpt":{"rendered":"<p>Module laser Holosun IRIS GR4, int\u00e9grant un laser visible vert, un laser infrarouge (IR), un illuminateur IR et une lampe LED blanche.<br \/>\nPour montage sur rail Picatinny.<\/p>\n","protected":false},"featured_media":2867,"comment_status":"open","ping_status":"closed","template":"","meta":{"_eb_attr":""},"product_brand":[],"product_cat":[36],"product_tag":[],"class_list":{"0":"post-2859","1":"product","2":"type-product","3":"status-publish","4":"has-post-thumbnail","6":"product_cat-accessoires","8":"first","9":"instock","10":"taxable","11":"shipping-taxable","12":"purchasable","13":"product-type-simple"},"jetpack_sharing_enabled":true,"_links":{"self":[{"href":"https:\/\/shop.rayxagon.fr\/en\/wp-json\/wp\/v2\/product\/2859","targetHints":{"allow":["GET"]}}],"collection":[{"href":"https:\/\/shop.rayxagon.fr\/en\/wp-json\/wp\/v2\/product"}],"about":[{"href":"https:\/\/shop.rayxagon.fr\/en\/wp-json\/wp\/v2\/types\/product"}],"replies":[{"embeddable":true,"href":"https:\/\/shop.rayxagon.fr\/en\/wp-json\/wp\/v2\/comments?post=2859"}],"wp:featuredmedia":[{"embeddable":true,"href":"https:\/\/shop.rayxagon.fr\/en\/wp-json\/wp\/v2\/media\/2867"}],"wp:attachment":[{"href":"https:\/\/shop.rayxagon.fr\/en\/wp-json\/wp\/v2\/media?parent=2859"}],"wp:term":[{"taxonomy":"product_brand","embeddable":true,"href":"https:\/\/shop.rayxagon.fr\/en\/wp-json\/wp\/v2\/product_brand?post=2859"},{"taxonomy":"product_cat","embeddable":true,"href":"https:\/\/shop.rayxagon.fr\/en\/wp-json\/wp\/v2\/product_cat?post=2859"},{"taxonomy":"product_tag","embeddable":true,"href":"https:\/\/shop.rayxagon.fr\/en\/wp-json\/wp\/v2\/product_tag?post=2859"}],"curies":[{"name":"wp","href":"https:\/\/api.w.org\/{rel}","templated":true}]}}