{"id":2291,"date":"2025-06-10T10:05:35","date_gmt":"2025-06-10T08:05:35","guid":{"rendered":"https:\/\/shop.rayxagon.fr\/?post_type=product&#038;p=2291"},"modified":"2026-03-03T15:59:30","modified_gmt":"2026-03-03T14:59:30","slug":"accu-nitecore-14500","status":"publish","type":"product","link":"https:\/\/shop.rayxagon.fr\/en\/produit\/accu-nitecore-14500","title":{"rendered":"Accu Li-Ion Nitecore 14500"},"content":{"rendered":"<p data-start=\"843\" data-end=\"913\"><strong data-start=\"850\" data-end=\"913\">Accu Nitecore NL1410 \u2013 Batterie 14500 Li-ion 3,7 V prot\u00e9g\u00e9e<\/strong><\/p>\n<p data-start=\"915\" data-end=\"1125\">L\u2019accu NL1410 offre une alimentation fiable pour les dispositifs compacts. Sa protection int\u00e9gr\u00e9e contre les surcharges et courts-circuits en fait un choix s\u00fbr pour les \u00e9quipements \u00e9lectroniques professionnels.<\/p>\n<p data-start=\"915\" data-end=\"1125\">Permet une autonomie sup\u00e9rieure \u00e0 une pile AA dans nos dispositifs.<\/p>\n<p data-start=\"915\" data-end=\"1125\">Compatible avec nos dispositifs <a href=\"https:\/\/shop.rayxagon.fr\/categorie-produit\/tous-les-produits\/binoculaire\">UNVB<\/a> et <a href=\"https:\/\/shop.rayxagon.fr\/categorie-produit\/tous-les-produits\/monoculaire\">UNVM<\/a> !<\/p>\n<p data-start=\"915\" data-end=\"1125\"><em>ATTENTION : non compatible pack batterie !<\/em><\/p>\n<p data-start=\"1127\" data-end=\"1159\"><strong data-start=\"1127\" data-end=\"1157\">Caract\u00e9ristiques g\u00e9n\u00e9rales :<\/strong><\/p>\n<ul>\n<li data-start=\"1162\" data-end=\"1183\">Type : 14500 Li-ion<\/li>\n<li data-start=\"1186\" data-end=\"1203\">Tension : 3,7 V<\/li>\n<li data-start=\"1206\" data-end=\"1227\">Capacit\u00e9 : 1050 mAh<\/li>\n<li data-start=\"1230\" data-end=\"1267\">Circuit de protection int\u00e9gr\u00e9 (PCB)<\/li>\n<li data-start=\"1270\" data-end=\"1317\">Haute stabilit\u00e9 \u2013 id\u00e9al pour l\u2019usage tactique<\/li>\n<li data-start=\"1320\" data-end=\"1352\">Dimensions : \u00d8 14,2 mm \u00d7 50 mm<\/li>\n<li data-start=\"1355\" data-end=\"1369\">Poids : 22 g<\/li>\n<li data-start=\"1372\" data-end=\"1437\">Compatible avec le chargeur Nitecore UM2 et les dispositifs RayXagon<\/li>\n<\/ul>\n","protected":false},"excerpt":{"rendered":"<p>Accu Nitecore NL1410 \u2013 Batterie 14500 Li-ion 3,7 V prot\u00e9g\u00e9e<\/p>\n","protected":false},"featured_media":2289,"comment_status":"closed","ping_status":"closed","template":"","meta":{"_eb_attr":""},"product_brand":[],"product_cat":[36],"product_tag":[],"class_list":{"0":"post-2291","1":"product","2":"type-product","3":"status-publish","4":"has-post-thumbnail","6":"product_cat-accessoires","8":"first","9":"instock","10":"taxable","11":"shipping-taxable","12":"purchasable","13":"product-type-simple"},"jetpack_sharing_enabled":true,"_links":{"self":[{"href":"https:\/\/shop.rayxagon.fr\/en\/wp-json\/wp\/v2\/product\/2291","targetHints":{"allow":["GET"]}}],"collection":[{"href":"https:\/\/shop.rayxagon.fr\/en\/wp-json\/wp\/v2\/product"}],"about":[{"href":"https:\/\/shop.rayxagon.fr\/en\/wp-json\/wp\/v2\/types\/product"}],"replies":[{"embeddable":true,"href":"https:\/\/shop.rayxagon.fr\/en\/wp-json\/wp\/v2\/comments?post=2291"}],"wp:featuredmedia":[{"embeddable":true,"href":"https:\/\/shop.rayxagon.fr\/en\/wp-json\/wp\/v2\/media\/2289"}],"wp:attachment":[{"href":"https:\/\/shop.rayxagon.fr\/en\/wp-json\/wp\/v2\/media?parent=2291"}],"wp:term":[{"taxonomy":"product_brand","embeddable":true,"href":"https:\/\/shop.rayxagon.fr\/en\/wp-json\/wp\/v2\/product_brand?post=2291"},{"taxonomy":"product_cat","embeddable":true,"href":"https:\/\/shop.rayxagon.fr\/en\/wp-json\/wp\/v2\/product_cat?post=2291"},{"taxonomy":"product_tag","embeddable":true,"href":"https:\/\/shop.rayxagon.fr\/en\/wp-json\/wp\/v2\/product_tag?post=2291"}],"curies":[{"name":"wp","href":"https:\/\/api.w.org\/{rel}","templated":true}]}}