{"id":2194,"date":"2025-04-15T12:19:24","date_gmt":"2025-04-15T10:19:24","guid":{"rendered":"https:\/\/shop.rayxagon.fr\/?post_type=product&#038;p=2194"},"modified":"2026-03-03T16:00:27","modified_gmt":"2026-03-03T15:00:27","slug":"support-de-casque-cadex","status":"publish","type":"product","link":"https:\/\/shop.rayxagon.fr\/en\/produit\/support-de-casque-cadex","title":{"rendered":"Support de casque CADEX"},"content":{"rendered":"<p>Le support de casque CADEX est un syst\u00e8me de montage rabattable pour dispositif de vision nocturne (DVN).<\/p>\n<p>Fabriqu\u00e9 en aluminium, ce montage assure une fixation extr\u00eamement robuste du dispositif de vision nocturne au casque. Ce support int\u00e8gre un r\u00e9glage du r\u00e9ceptacle de dovetail afin de pr\u00e9venir tout jeu et de maximiser la compatibilit\u00e9 entre les diff\u00e9rentes marques.<br \/>\nUne fonction &#8220;Break Away&#8221; assure \u00e9galement une s\u00e9curit\u00e9 suppl\u00e9mentaire.<\/p>\n<p>Une plage de r\u00e9glages \u00e9tendue assure un confort optimal.<\/p>\n<p>Ce support est compatible avec le binoculaire RayXagon UNVB, ainsi que tous les DVN utilisant un &#8220;dovetail&#8221; type &#8220;WilcoX&#8221;.<br \/>\nCe support est compatible avec les embases de casque type &#8220;Milspec&#8221; (Norotos, Ops-Core, WilcoX, etc&#8230;).<\/p>\n<p>Sp\u00e9cifications :<\/p>\n<ul>\n<li>Masse : 165g<\/li>\n<li>Mat\u00e9riau : aluminium anodis\u00e9<\/li>\n<li>Compatibilit\u00e9 DVN : UNVB et autres dispositifs avec &#8220;dovetail&#8221; type &#8220;WilcoX&#8221;<\/li>\n<li>Compatibilit\u00e9 casque : Shroud Milspec<\/li>\n<li>Fonction Break-Away : Oui<\/li>\n<li>Garantie 2 ans<\/li>\n<li>Fabriqu\u00e9 au Canada<\/li>\n<\/ul>\n","protected":false},"excerpt":{"rendered":"<p>Support de montage articul\u00e9 pour casque.<\/p>\n","protected":false},"featured_media":2197,"comment_status":"open","ping_status":"closed","template":"","meta":{"_eb_attr":""},"product_brand":[],"product_cat":[36],"product_tag":[],"class_list":{"0":"post-2194","1":"product","2":"type-product","3":"status-publish","4":"has-post-thumbnail","6":"product_cat-accessoires","8":"first","9":"instock","10":"taxable","11":"shipping-taxable","12":"purchasable","13":"product-type-variable"},"jetpack_sharing_enabled":true,"_links":{"self":[{"href":"https:\/\/shop.rayxagon.fr\/en\/wp-json\/wp\/v2\/product\/2194","targetHints":{"allow":["GET"]}}],"collection":[{"href":"https:\/\/shop.rayxagon.fr\/en\/wp-json\/wp\/v2\/product"}],"about":[{"href":"https:\/\/shop.rayxagon.fr\/en\/wp-json\/wp\/v2\/types\/product"}],"replies":[{"embeddable":true,"href":"https:\/\/shop.rayxagon.fr\/en\/wp-json\/wp\/v2\/comments?post=2194"}],"wp:featuredmedia":[{"embeddable":true,"href":"https:\/\/shop.rayxagon.fr\/en\/wp-json\/wp\/v2\/media\/2197"}],"wp:attachment":[{"href":"https:\/\/shop.rayxagon.fr\/en\/wp-json\/wp\/v2\/media?parent=2194"}],"wp:term":[{"taxonomy":"product_brand","embeddable":true,"href":"https:\/\/shop.rayxagon.fr\/en\/wp-json\/wp\/v2\/product_brand?post=2194"},{"taxonomy":"product_cat","embeddable":true,"href":"https:\/\/shop.rayxagon.fr\/en\/wp-json\/wp\/v2\/product_cat?post=2194"},{"taxonomy":"product_tag","embeddable":true,"href":"https:\/\/shop.rayxagon.fr\/en\/wp-json\/wp\/v2\/product_tag?post=2194"}],"curies":[{"name":"wp","href":"https:\/\/api.w.org\/{rel}","templated":true}]}}