{"id":2018,"date":"2025-01-20T13:00:53","date_gmt":"2025-01-20T12:00:53","guid":{"rendered":"https:\/\/shop.rayxagon.fr\/?post_type=product&#038;p=2018"},"modified":"2026-03-03T16:00:32","modified_gmt":"2026-03-03T15:00:32","slug":"lampe_holosun_raid","status":"publish","type":"product","link":"https:\/\/shop.rayxagon.fr\/en\/produit\/lampe_holosun_raid","title":{"rendered":"Lampe Holosun RAID"},"content":{"rendered":"<p>La lampe RAID (Rifle Area Illumination Device) est un tout nouveau dispositif d\u2019\u00e9clairage haute puissance pour armes longues, offrant une illumination puissante et une grande polyvalence d\u2019interface utilisateur. La RAID d\u00e9livre 80 000 candela et 1 000 lumens pour permettre l\u2019identification des cibles \u00e0 de plus grandes distances.<\/p>\n<p>La RAID est activ\u00e9e via l&#8217;interrupteur compact \u00e0 distance inclus ou \u00e0 l&#8217;aide du bouton int\u00e9gr\u00e9 sur le capuchon arri\u00e8re.<\/p>\n<p>Le montage sur rails Picatinny ou M-LOK est pris en charge d\u00e8s la sortie de la bo\u00eete, et une batterie USB-C rechargeable 18650 est \u00e9galement incluse.<\/p>\n<p>La RAID dispose d\u2019un bo\u00eetier ultra-durable en aluminium 7075, est conforme \u00e0 la norme IP68 pour la protection contre la poussi\u00e8re et l\u2019eau, et r\u00e9siste \u00e0 des chocs de 1 000 g.<\/p>\n","protected":false},"excerpt":{"rendered":"<p>Lampe tactique Holosun RAID, 1000lm\/80000cd pour montage M-Lock\/Picatinny.<\/p>\n","protected":false},"featured_media":2031,"comment_status":"closed","ping_status":"closed","template":"","meta":{"_eb_attr":""},"product_brand":[],"product_cat":[36],"product_tag":[],"class_list":{"0":"post-2018","1":"product","2":"type-product","3":"status-publish","4":"has-post-thumbnail","6":"product_cat-accessoires","8":"first","9":"instock","10":"taxable","11":"shipping-taxable","12":"purchasable","13":"product-type-simple"},"jetpack_sharing_enabled":true,"_links":{"self":[{"href":"https:\/\/shop.rayxagon.fr\/en\/wp-json\/wp\/v2\/product\/2018","targetHints":{"allow":["GET"]}}],"collection":[{"href":"https:\/\/shop.rayxagon.fr\/en\/wp-json\/wp\/v2\/product"}],"about":[{"href":"https:\/\/shop.rayxagon.fr\/en\/wp-json\/wp\/v2\/types\/product"}],"replies":[{"embeddable":true,"href":"https:\/\/shop.rayxagon.fr\/en\/wp-json\/wp\/v2\/comments?post=2018"}],"wp:featuredmedia":[{"embeddable":true,"href":"https:\/\/shop.rayxagon.fr\/en\/wp-json\/wp\/v2\/media\/2031"}],"wp:attachment":[{"href":"https:\/\/shop.rayxagon.fr\/en\/wp-json\/wp\/v2\/media?parent=2018"}],"wp:term":[{"taxonomy":"product_brand","embeddable":true,"href":"https:\/\/shop.rayxagon.fr\/en\/wp-json\/wp\/v2\/product_brand?post=2018"},{"taxonomy":"product_cat","embeddable":true,"href":"https:\/\/shop.rayxagon.fr\/en\/wp-json\/wp\/v2\/product_cat?post=2018"},{"taxonomy":"product_tag","embeddable":true,"href":"https:\/\/shop.rayxagon.fr\/en\/wp-json\/wp\/v2\/product_tag?post=2018"}],"curies":[{"name":"wp","href":"https:\/\/api.w.org\/{rel}","templated":true}]}}