{"id":2010,"date":"2025-01-20T12:14:14","date_gmt":"2025-01-20T11:14:14","guid":{"rendered":"https:\/\/shop.rayxagon.fr\/?post_type=product&#038;p=2010"},"modified":"2026-03-26T09:49:53","modified_gmt":"2026-03-26T08:49:53","slug":"module-laser-iris-gr3-vert-ir","status":"publish","type":"product","link":"https:\/\/shop.rayxagon.fr\/en\/produit\/module-laser-iris-gr3-vert-ir","title":{"rendered":"Module Laser IRIS-GR3 &#8211; Vert\/IR"},"content":{"rendered":"<p>IRIS-3 est un dispositif multi-laser \u00e0 triple fonction dot\u00e9 d&#8217;un bo\u00eetier en aluminium 7075. L&#8217;IRIS-3 int\u00e8gre d\u00e9sormais un puissant illuminateur VCSEL infrarouge (IR) de 60 mW, ainsi qu&#8217;un pointeur laser visible (VIS) et un pointeur laser infrarouge (IR).<\/p>\n<p>De plus, l&#8217;IRIS-3 est \u00e9quip\u00e9 d&#8217;un bouton de tir positionn\u00e9 au centre, permettant une activation ambidextre des fonctions momentan\u00e9es ou constantes. L&#8217;appareil int\u00e8gre \u00e9galement des interrupteurs de s\u00e9lection de mode et d&#8217;alimentation orient\u00e9s vers l&#8217;arri\u00e8re, mis \u00e0 jour pour une ergonomie et une prise en main am\u00e9lior\u00e9es.<\/p>\n<p>Un tout nouveau commutateur de t\u00e9l\u00e9commande ultra-compact \u00e0 deux boutons, avec une fonction de VIS Override, est inclus.<\/p>\n<p>L&#8217;IRIS-3 est disponible avec un pointeur laser VIS de couleur verte.<\/p>\n<p>Stock fournisseur, d\u00e9lai 3 \u00e0 5 jours ouvr\u00e9s.<\/p>\n","protected":false},"excerpt":{"rendered":"<p>Module laser Holosun IRIS, int\u00e9grant un laser visible vert, un\u00a0laser infrarouge\u00a0(IR) et un\u00a0illuminateur IR.<br \/>\nPour montage sur rail Picatinny.<\/p>\n","protected":false},"featured_media":2333,"comment_status":"closed","ping_status":"closed","template":"","meta":{"_eb_attr":""},"product_brand":[],"product_cat":[36],"product_tag":[],"class_list":{"0":"post-2010","1":"product","2":"type-product","3":"status-publish","4":"has-post-thumbnail","6":"product_cat-accessoires","8":"first","9":"instock","10":"taxable","11":"shipping-taxable","12":"purchasable","13":"product-type-simple"},"jetpack_sharing_enabled":true,"_links":{"self":[{"href":"https:\/\/shop.rayxagon.fr\/en\/wp-json\/wp\/v2\/product\/2010","targetHints":{"allow":["GET"]}}],"collection":[{"href":"https:\/\/shop.rayxagon.fr\/en\/wp-json\/wp\/v2\/product"}],"about":[{"href":"https:\/\/shop.rayxagon.fr\/en\/wp-json\/wp\/v2\/types\/product"}],"replies":[{"embeddable":true,"href":"https:\/\/shop.rayxagon.fr\/en\/wp-json\/wp\/v2\/comments?post=2010"}],"wp:featuredmedia":[{"embeddable":true,"href":"https:\/\/shop.rayxagon.fr\/en\/wp-json\/wp\/v2\/media\/2333"}],"wp:attachment":[{"href":"https:\/\/shop.rayxagon.fr\/en\/wp-json\/wp\/v2\/media?parent=2010"}],"wp:term":[{"taxonomy":"product_brand","embeddable":true,"href":"https:\/\/shop.rayxagon.fr\/en\/wp-json\/wp\/v2\/product_brand?post=2010"},{"taxonomy":"product_cat","embeddable":true,"href":"https:\/\/shop.rayxagon.fr\/en\/wp-json\/wp\/v2\/product_cat?post=2010"},{"taxonomy":"product_tag","embeddable":true,"href":"https:\/\/shop.rayxagon.fr\/en\/wp-json\/wp\/v2\/product_tag?post=2010"}],"curies":[{"name":"wp","href":"https:\/\/api.w.org\/{rel}","templated":true}]}}