{"id":1901,"date":"2024-12-23T19:35:43","date_gmt":"2024-12-23T18:35:43","guid":{"rendered":"https:\/\/shop.rayxagon.fr\/?post_type=product&#038;p=1901"},"modified":"2026-03-03T16:02:43","modified_gmt":"2026-03-03T15:02:43","slug":"support-casque-lwnvm","status":"publish","type":"product","link":"https:\/\/shop.rayxagon.fr\/en\/produit\/support-casque-lwnvm","title":{"rendered":"Support de casque Argus LWNVM"},"content":{"rendered":"<p>Le support de casque ARGUS LWNVM (Low Weight Night Vision Mount) est un syst\u00e8me de montage rabattable pour dispositif de vision nocturne (DVN).<\/p>\n<p>Fabriqu\u00e9 en aluminium, ce montage assure une fixation robuste du dispositif de vision nocturne au casque, tout en restant tr\u00e8s l\u00e9ger.<\/p>\n<p>Une plage de r\u00e9glages \u00e9tendue assure un confort optimal.<\/p>\n<p>Ce support est compatible avec le binoculaire RayXagon UNVB, ainsi que tous les DVN utilisant un &#8220;dovetail&#8221; type &#8220;WilcoX&#8221;.<br \/>\nCe support est compatible avec les embases de casque type &#8220;Milspec&#8221; (Norotos, Ops-Core, WilcoX, etc&#8230;).<\/p>\n<p>Sp\u00e9cifications :<\/p>\n<ul>\n<li>Masse : 137g<\/li>\n<li>Mat\u00e9riau : aluminium anodis\u00e9<\/li>\n<li>Compatibilit\u00e9 DVN : UNVB et autres dispositifs avec &#8220;dovetail&#8221; type &#8220;WilcoX&#8221;<\/li>\n<li>Compatibilit\u00e9 casque : Shroud Milspec<\/li>\n<li>Garantie 2 ans<\/li>\n<\/ul>\n","protected":false},"excerpt":{"rendered":"<p>Support de montage articul\u00e9 ultral\u00e9ger pour casque.<\/p>\n","protected":false},"featured_media":2076,"comment_status":"open","ping_status":"closed","template":"","meta":{"_eb_attr":""},"product_brand":[],"product_cat":[36],"product_tag":[],"class_list":{"0":"post-1901","1":"product","2":"type-product","3":"status-publish","4":"has-post-thumbnail","6":"product_cat-accessoires","8":"first","9":"instock","10":"taxable","11":"shipping-taxable","12":"purchasable","13":"product-type-variable"},"jetpack_sharing_enabled":true,"_links":{"self":[{"href":"https:\/\/shop.rayxagon.fr\/en\/wp-json\/wp\/v2\/product\/1901","targetHints":{"allow":["GET"]}}],"collection":[{"href":"https:\/\/shop.rayxagon.fr\/en\/wp-json\/wp\/v2\/product"}],"about":[{"href":"https:\/\/shop.rayxagon.fr\/en\/wp-json\/wp\/v2\/types\/product"}],"replies":[{"embeddable":true,"href":"https:\/\/shop.rayxagon.fr\/en\/wp-json\/wp\/v2\/comments?post=1901"}],"wp:featuredmedia":[{"embeddable":true,"href":"https:\/\/shop.rayxagon.fr\/en\/wp-json\/wp\/v2\/media\/2076"}],"wp:attachment":[{"href":"https:\/\/shop.rayxagon.fr\/en\/wp-json\/wp\/v2\/media?parent=1901"}],"wp:term":[{"taxonomy":"product_brand","embeddable":true,"href":"https:\/\/shop.rayxagon.fr\/en\/wp-json\/wp\/v2\/product_brand?post=1901"},{"taxonomy":"product_cat","embeddable":true,"href":"https:\/\/shop.rayxagon.fr\/en\/wp-json\/wp\/v2\/product_cat?post=1901"},{"taxonomy":"product_tag","embeddable":true,"href":"https:\/\/shop.rayxagon.fr\/en\/wp-json\/wp\/v2\/product_tag?post=1901"}],"curies":[{"name":"wp","href":"https:\/\/api.w.org\/{rel}","templated":true}]}}