{"id":1899,"date":"2024-12-23T00:04:40","date_gmt":"2024-12-22T23:04:40","guid":{"rendered":"https:\/\/shop.rayxagon.fr\/?post_type=product&#038;p=1899"},"modified":"2026-03-03T16:02:47","modified_gmt":"2026-03-03T15:02:47","slug":"infinity-iris","status":"publish","type":"product","link":"https:\/\/shop.rayxagon.fr\/en\/produit\/infinity-iris","title":{"rendered":"Infinity Iris Cap"},"content":{"rendered":"<p>L&#8217;Iris Cap Infinity est un syst\u00e8me innovant qui permet d&#8217;exploiter au maximum votre dispositif de vision nocturne (DVN).<\/p>\n<p>Viss\u00e9 \u00e0 l&#8217;objectif d&#8217;un DVN, ce syst\u00e8me permet, gr\u00e2ce \u00e0 son diaphragme, d&#8217;avoir une image nette de pr\u00e8s comme de loin, sans n\u00e9cessiter un r\u00e9glage de la mise au point.<br \/>\nAvec une grande tourelle de r\u00e9glage permettant de varier l&#8217;ouverture de 23,5 mm \u00e0 1 mm, l&#8217;Iris Cap permet de s&#8217;adapter facilement \u00e0 toutes les conditions lumineuses, int\u00e9grant \u00e9galement un clic-stop (sensation tactile) pr\u00e9cis \u00e0 5,66 mm pour une mise au point infinie.<\/p>\n<p>De plus, l&#8217;Iris Cap inclut une lentille sacrificielle en polycarbonate assurant la protection de l&#8217;objectif contre d&#8217;\u00e9ventuels \u00e9clats, tout en int\u00e9grant un joint torique pour emp\u00eacher poussi\u00e8res et d\u00e9bris d&#8217;entrer.<\/p>\n<p>L&#8217;Iris Cap Infinity est compatible avec l&#8217;UNVB et l&#8217;UNVM.<\/p>\n<p>Vendu \u00e0 l&#8217;unit\u00e9.<\/p>\n","protected":false},"excerpt":{"rendered":"<p>Capuchon de protection \u00e0 ouverture variable<\/p>\n","protected":false},"featured_media":2034,"comment_status":"open","ping_status":"closed","template":"","meta":{"_eb_attr":""},"product_brand":[],"product_cat":[36],"product_tag":[],"class_list":{"0":"post-1899","1":"product","2":"type-product","3":"status-publish","4":"has-post-thumbnail","6":"product_cat-accessoires","8":"first","9":"instock","10":"taxable","11":"shipping-taxable","12":"purchasable","13":"product-type-variable"},"jetpack_sharing_enabled":true,"_links":{"self":[{"href":"https:\/\/shop.rayxagon.fr\/en\/wp-json\/wp\/v2\/product\/1899","targetHints":{"allow":["GET"]}}],"collection":[{"href":"https:\/\/shop.rayxagon.fr\/en\/wp-json\/wp\/v2\/product"}],"about":[{"href":"https:\/\/shop.rayxagon.fr\/en\/wp-json\/wp\/v2\/types\/product"}],"replies":[{"embeddable":true,"href":"https:\/\/shop.rayxagon.fr\/en\/wp-json\/wp\/v2\/comments?post=1899"}],"wp:featuredmedia":[{"embeddable":true,"href":"https:\/\/shop.rayxagon.fr\/en\/wp-json\/wp\/v2\/media\/2034"}],"wp:attachment":[{"href":"https:\/\/shop.rayxagon.fr\/en\/wp-json\/wp\/v2\/media?parent=1899"}],"wp:term":[{"taxonomy":"product_brand","embeddable":true,"href":"https:\/\/shop.rayxagon.fr\/en\/wp-json\/wp\/v2\/product_brand?post=1899"},{"taxonomy":"product_cat","embeddable":true,"href":"https:\/\/shop.rayxagon.fr\/en\/wp-json\/wp\/v2\/product_cat?post=1899"},{"taxonomy":"product_tag","embeddable":true,"href":"https:\/\/shop.rayxagon.fr\/en\/wp-json\/wp\/v2\/product_tag?post=1899"}],"curies":[{"name":"wp","href":"https:\/\/api.w.org\/{rel}","templated":true}]}}