{"id":1888,"date":"2024-12-22T19:17:48","date_gmt":"2024-12-22T18:17:48","guid":{"rendered":"https:\/\/shop.rayxagon.fr\/?post_type=product&#038;p=1888"},"modified":"2026-03-03T16:02:54","modified_gmt":"2026-03-03T15:02:54","slug":"microbat-system-tantacle","status":"publish","type":"product","link":"https:\/\/shop.rayxagon.fr\/en\/produit\/microbat-system-tantacle","title":{"rendered":"Syst\u00e8me de r\u00e9tention Microbat System Tantacle"},"content":{"rendered":"<p>Le syst\u00e8me de r\u00e9tention Microbat Systems Tantacle est une lani\u00e8re multifonction qui se fixe par velcro sur votre \u00e9quipement (casque, gilet&#8230;) afin de retenir votre mat\u00e9riel.<\/p>\n<p>Pratique, il est conseill\u00e9 pour \u00e9viter les chutes de vos dispositifs de vision nocturne tels que l&#8217;UNVM ou l&#8217;UNVB lorsque port\u00e9s sur un casque, en assurant leur s\u00e9curisation contre un arrachage intempestif ou une mauvaise manipulation.<\/p>\n<p>Ce syst\u00e8me de r\u00e9tention est r\u00e9glable en longueur, jusqu&#8217;\u00e0 8 pouces (20cm) et dispose d&#8217;une surface d&#8217;accroche Velcro de 10&#215;2,5cm.<\/p>\n","protected":false},"excerpt":{"rendered":"<p>Syst\u00e8me de r\u00e9tention multifonctions<\/p>\n","protected":false},"featured_media":2075,"comment_status":"open","ping_status":"closed","template":"","meta":{"_eb_attr":""},"product_brand":[],"product_cat":[36],"product_tag":[],"class_list":{"0":"post-1888","1":"product","2":"type-product","3":"status-publish","4":"has-post-thumbnail","6":"product_cat-accessoires","8":"first","9":"instock","10":"taxable","11":"shipping-taxable","12":"purchasable","13":"product-type-variable"},"jetpack_sharing_enabled":true,"_links":{"self":[{"href":"https:\/\/shop.rayxagon.fr\/en\/wp-json\/wp\/v2\/product\/1888","targetHints":{"allow":["GET"]}}],"collection":[{"href":"https:\/\/shop.rayxagon.fr\/en\/wp-json\/wp\/v2\/product"}],"about":[{"href":"https:\/\/shop.rayxagon.fr\/en\/wp-json\/wp\/v2\/types\/product"}],"replies":[{"embeddable":true,"href":"https:\/\/shop.rayxagon.fr\/en\/wp-json\/wp\/v2\/comments?post=1888"}],"wp:featuredmedia":[{"embeddable":true,"href":"https:\/\/shop.rayxagon.fr\/en\/wp-json\/wp\/v2\/media\/2075"}],"wp:attachment":[{"href":"https:\/\/shop.rayxagon.fr\/en\/wp-json\/wp\/v2\/media?parent=1888"}],"wp:term":[{"taxonomy":"product_brand","embeddable":true,"href":"https:\/\/shop.rayxagon.fr\/en\/wp-json\/wp\/v2\/product_brand?post=1888"},{"taxonomy":"product_cat","embeddable":true,"href":"https:\/\/shop.rayxagon.fr\/en\/wp-json\/wp\/v2\/product_cat?post=1888"},{"taxonomy":"product_tag","embeddable":true,"href":"https:\/\/shop.rayxagon.fr\/en\/wp-json\/wp\/v2\/product_tag?post=1888"}],"curies":[{"name":"wp","href":"https:\/\/api.w.org\/{rel}","templated":true}]}}