{"id":1873,"date":"2024-12-22T18:37:38","date_gmt":"2024-12-22T17:37:38","guid":{"rendered":"https:\/\/shop.rayxagon.fr\/?post_type=product&#038;p=1873"},"modified":"2026-03-03T16:03:00","modified_gmt":"2026-03-03T15:03:00","slug":"pack-batterie-externe","status":"publish","type":"product","link":"https:\/\/shop.rayxagon.fr\/en\/produit\/pack-batterie-externe","title":{"rendered":"Pack batterie externe"},"content":{"rendered":"<p>Ce pack batterie est un syst\u00e8me d&#8217;alimentation externe pour dispositif de vision nocturne.<br \/>\nIl est fourni avec deux c\u00e2bles d&#8217;alimentation externe.<\/p>\n<ul>\n<li><span class=\"x4k7w5x x1h91t0o x1h9r5lt x1jfb8zj xv2umb2 x1beo9mf xaigb6o x12ejxvf x3igimt xarpa2k xedcshv x1lytzrv x1t2pt76 x7ja8zs x1qrby5j\"><span class=\"x193iq5w xeuugli x13faqbe x1vvkbs x1xmvt09 x1lliihq x1s928wv xhkezso x1gmr53x x1cpjm7i x1fgarty x1943h6x xudqn12 x3x7a5m x6prxxf xvq8zen xo1l8bm xzsf02u\" dir=\"auto\">Un c\u00e2ble compatible avec le binoculaire RayXagon UNVB<\/span><\/span><\/li>\n<li>Un c\u00e2ble &#8220;universel&#8221; avec un connecteur FISCHER s\u00e9rie 102, 4 contacts.<\/li>\n<\/ul>\n<p>Fix\u00e9 \u00e0 l&#8217;arri\u00e8re d&#8217;un casque, il permet d&#8217;augmenter significativement l&#8217;autonomie de votre dispositif de vision nocturne, tout en faisant office de contrepoids.<br \/>\nDans le cas de l&#8217;UNVB, l&#8217;autonomie est multipli\u00e9e par 4.<\/p>\n<p>Ce pack batterie peut contenir jusqu&#8217;\u00e0 4 piles AA\/LR06, d&#8217;une tension nominale de 1,5v.<br \/>\nIl dispose \u00e9galement d&#8217;une fonction &#8220;strobe infrarouge&#8221; permettant d&#8217;identifier facilement un porteur de l&#8217;\u00e9quipement, sous dispositif de vision nocturne.<\/p>\n<p>Cet \u00e9quipement, import\u00e9, est inspect\u00e9, contr\u00f4l\u00e9 et test\u00e9 int\u00e9gralement dans nos ateliers. Son fonctionnement est garanti 3 ans.<\/p>\n<p>Sp\u00e9cifications :<\/p>\n<ul>\n<li>Alimentation : 4 piles AA\/LR06, 1,5v<\/li>\n<li>Tension de sortie : 3v<\/li>\n<li>Masse \u00e0 vide : 115g<\/li>\n<li>Masse avec 4 piles AA\/LR06 : 210g<\/li>\n<li>Syst\u00e8me de fixation : Velcro m\u00e2le<\/li>\n<li>IP66<\/li>\n<li>Garantie 3 ans<\/li>\n<\/ul>\n","protected":false},"excerpt":{"rendered":"<p>Pack batterie externe pour UNVB et \u00e9quipements d&#8217;autres marques.<\/p>\n","protected":false},"featured_media":2035,"comment_status":"open","ping_status":"closed","template":"","meta":{"_eb_attr":""},"product_brand":[],"product_cat":[36],"product_tag":[],"class_list":{"0":"post-1873","1":"product","2":"type-product","3":"status-publish","4":"has-post-thumbnail","6":"product_cat-accessoires","8":"first","9":"instock","10":"taxable","11":"shipping-taxable","12":"purchasable","13":"product-type-variable"},"jetpack_sharing_enabled":true,"_links":{"self":[{"href":"https:\/\/shop.rayxagon.fr\/en\/wp-json\/wp\/v2\/product\/1873","targetHints":{"allow":["GET"]}}],"collection":[{"href":"https:\/\/shop.rayxagon.fr\/en\/wp-json\/wp\/v2\/product"}],"about":[{"href":"https:\/\/shop.rayxagon.fr\/en\/wp-json\/wp\/v2\/types\/product"}],"replies":[{"embeddable":true,"href":"https:\/\/shop.rayxagon.fr\/en\/wp-json\/wp\/v2\/comments?post=1873"}],"wp:featuredmedia":[{"embeddable":true,"href":"https:\/\/shop.rayxagon.fr\/en\/wp-json\/wp\/v2\/media\/2035"}],"wp:attachment":[{"href":"https:\/\/shop.rayxagon.fr\/en\/wp-json\/wp\/v2\/media?parent=1873"}],"wp:term":[{"taxonomy":"product_brand","embeddable":true,"href":"https:\/\/shop.rayxagon.fr\/en\/wp-json\/wp\/v2\/product_brand?post=1873"},{"taxonomy":"product_cat","embeddable":true,"href":"https:\/\/shop.rayxagon.fr\/en\/wp-json\/wp\/v2\/product_cat?post=1873"},{"taxonomy":"product_tag","embeddable":true,"href":"https:\/\/shop.rayxagon.fr\/en\/wp-json\/wp\/v2\/product_tag?post=1873"}],"curies":[{"name":"wp","href":"https:\/\/api.w.org\/{rel}","templated":true}]}}