{"id":1427,"date":"2024-07-10T12:16:16","date_gmt":"2024-07-10T12:16:16","guid":{"rendered":"https:\/\/shop.rayxagon.fr\/?post_type=product&#038;p=1427"},"modified":"2026-04-27T10:17:36","modified_gmt":"2026-04-27T08:17:36","slug":"housse-de-protection","status":"publish","type":"product","link":"https:\/\/shop.rayxagon.fr\/en\/produit\/housse-de-protection","title":{"rendered":"RTNVP &#8211; Poche Tactique Binoculaire Renforc\u00e9e"},"content":{"rendered":"<p data-start=\"171\" data-end=\"581\"><strong data-start=\"171\" data-end=\"180\">RTNVP (Reinforced Tactical Night Vision Pouch)<\/strong> est une poche tactique renforc\u00e9e, ultra compacte, con\u00e7ue pour prot\u00e9ger et transporter un binoculaire de vision nocturne.<br \/>\nMatelass\u00e9e et dot\u00e9e d\u2019un renfort rigide anti-\u00e9crasement, elle s\u00e9curise efficacement l\u2019\u00e9quipement contre les chocs et les contraintes du terrain.<br \/>\nSa compacit\u00e9 assure un encombrement minimal sur un gilet porte plaques.<br \/>\nElle est compatible avec l\u2019UNVB MkI et MkII ainsi qu\u2019avec d\u2019autres binoculaires de format comparable.<\/p>\n<p data-start=\"583\" data-end=\"895\">Polyvalente, elle peut \u00eatre port\u00e9e sur un gilet ou utilis\u00e9e comme housse de transport. Sa conception int\u00e8gre \u00e9galement deux points d\u2019accroche permettant l\u2019ajout d\u2019une sangle de transport (non fournie). \u00c0 l\u2019int\u00e9rieur, une face velcro permet l\u2019ajout d\u2019accessoires ou de piles.<br \/>\nSur l&#8217;ext\u00e9rieur, deux emplacements velcro permettent d&#8217;apposer un identifiant sur la partie sup\u00e9rieure ou frontale de la poche, facilitant le rep\u00e9rage lors du stockage.<\/p>\n<p data-start=\"897\" data-end=\"1146\">Fabriqu\u00e9e en France, la RTNVP b\u00e9n\u00e9ficie d\u2019une conception robuste adapt\u00e9e aux environnements op\u00e9rationnels, avec notamment une face avant renforc\u00e9e en CURV, un tissu Cordura 500D et une fixation par clips Malice.<\/p>\n<p data-start=\"897\" data-end=\"1146\">Cette poche est con\u00e7ue en collaboration avec <a href=\"https:\/\/tapir-equipements.com\/\">Tapir Equipements<\/a>, qui se charge \u00e9galement de la fabrication en France.<\/p>\n<p data-start=\"897\" data-end=\"1146\">Disponible en Multicam, Multicam Black, Coyote Brown, Ranger Green, et Noir.<\/p>\n<p data-start=\"1148\" data-end=\"1170\"><strong data-start=\"1148\" data-end=\"1168\">Sp\u00e9cifications :<\/strong><\/p>\n<ul data-start=\"1171\" data-end=\"1473\">\n<li data-section-id=\"17et8od\" data-start=\"1171\" data-end=\"1217\">Compatible binoculaires de vision nocturne<\/li>\n<li data-section-id=\"1ujou1e\" data-start=\"1218\" data-end=\"1257\">Structure renforc\u00e9e anti-\u00e9crasement<\/li>\n<li data-section-id=\"2qqaqh\" data-start=\"1258\" data-end=\"1287\">Matelassage de protection<\/li>\n<li data-section-id=\"1ylj6ce\" data-start=\"1288\" data-end=\"1353\">Deux points d\u2019accroche pour sangle de transport (non fournie)<\/li>\n<li data-section-id=\"pnski6\" data-start=\"1354\" data-end=\"1380\">Face velcro int\u00e9rieure<\/li>\n<li data-section-id=\"1u33als\" data-start=\"1381\" data-end=\"1411\">Fixation type clips Malice<\/li>\n<li data-section-id=\"ty7xrr\" data-start=\"1412\" data-end=\"1473\">Fabrication fran\u00e7aise<\/li>\n<\/ul>\n<p>Binoculaire non compris.<\/p>\n","protected":false},"excerpt":{"rendered":"<p>Poche tactique renforc\u00e9e pour binoculaire de vision nocturne, avec protection anti-\u00e9crasement, matelassage interne et utilisation sur gilet ou en housse de transport.<\/p>\n","protected":false},"featured_media":3116,"comment_status":"open","ping_status":"closed","template":"","meta":{"_eb_attr":""},"product_brand":[],"product_cat":[36],"product_tag":[],"class_list":{"0":"post-1427","1":"product","2":"type-product","3":"status-publish","4":"has-post-thumbnail","6":"product_cat-accessoires","8":"first","9":"instock","10":"taxable","11":"shipping-taxable","12":"purchasable","13":"product-type-variable"},"jetpack_sharing_enabled":true,"_links":{"self":[{"href":"https:\/\/shop.rayxagon.fr\/en\/wp-json\/wp\/v2\/product\/1427","targetHints":{"allow":["GET"]}}],"collection":[{"href":"https:\/\/shop.rayxagon.fr\/en\/wp-json\/wp\/v2\/product"}],"about":[{"href":"https:\/\/shop.rayxagon.fr\/en\/wp-json\/wp\/v2\/types\/product"}],"replies":[{"embeddable":true,"href":"https:\/\/shop.rayxagon.fr\/en\/wp-json\/wp\/v2\/comments?post=1427"}],"wp:featuredmedia":[{"embeddable":true,"href":"https:\/\/shop.rayxagon.fr\/en\/wp-json\/wp\/v2\/media\/3116"}],"wp:attachment":[{"href":"https:\/\/shop.rayxagon.fr\/en\/wp-json\/wp\/v2\/media?parent=1427"}],"wp:term":[{"taxonomy":"product_brand","embeddable":true,"href":"https:\/\/shop.rayxagon.fr\/en\/wp-json\/wp\/v2\/product_brand?post=1427"},{"taxonomy":"product_cat","embeddable":true,"href":"https:\/\/shop.rayxagon.fr\/en\/wp-json\/wp\/v2\/product_cat?post=1427"},{"taxonomy":"product_tag","embeddable":true,"href":"https:\/\/shop.rayxagon.fr\/en\/wp-json\/wp\/v2\/product_tag?post=1427"}],"curies":[{"name":"wp","href":"https:\/\/api.w.org\/{rel}","templated":true}]}}